{"id":73,"date":"2017-07-28T22:35:21","date_gmt":"2017-07-28T22:35:21","guid":{"rendered":"http:\/\/www.uvolante.org\/wordpress\/?page_id=73"},"modified":"2018-02-02T08:35:37","modified_gmt":"2018-02-02T08:35:37","slug":"demons","status":"publish","type":"page","link":"https:\/\/www.uvolante.org\/index.php\/cours\/systemes-dexploitation\/tp\/demons\/","title":{"rendered":"D\u00e9mons"},"content":{"rendered":"<h3><span style=\"font-family: arial, helvetica, sans-serif;\">Notions abord\u00e9es<\/span><\/h3>\n<p><span style=\"font-family: arial, helvetica, sans-serif;\">Cr\u00e9ation des processus (<code class=\"EnlighterJSRAW\" data-enlighter-language=\"shell\">fork(2)<\/code><\/span><span style=\"font-family: arial, helvetica, sans-serif;\">) et gestion (basique) des signaux (<code class=\"EnlighterJSRAW\" data-enlighter-language=\"shell\">signal(2)<\/code><\/span>, <code class=\"EnlighterJSRAW\" data-enlighter-language=\"shell\">kill(1,2)<\/code><span style=\"font-family: arial, helvetica, sans-serif;\">).<br \/>\n<\/span><\/p>\n<h3><span style=\"font-family: arial, helvetica, sans-serif;\">Objectifs<\/span><\/h3>\n<ol>\n<li><span style=\"font-family: arial, helvetica, sans-serif;\">Comprendre la notion de d\u00e9mon et son r\u00f4le dans la s\u00e9quence de d\u00e9marrage d&#8217;un syst\u00e8me d&#8217;exploitation ;<\/span><\/li>\n<li><span style=\"font-family: arial, helvetica, sans-serif;\">Donner les bases de la programmation \u00e9v\u00e9nementielle pilot\u00e9e par des signaux.<\/span><\/li>\n<\/ol>\n<h3><span style=\"font-family: arial, helvetica, sans-serif;\">Obtenir le code<\/span><\/h3>\n<pre class=\"EnlighterJSRAW\" data-enlighter-language=\"shell\">$ git clone https:\/\/forge.uvolante.org\/OS\/TP2.git<\/pre>\n<h3><span style=\"font-family: arial, helvetica, sans-serif;\">\u00c9nonc\u00e9<\/span><\/h3>\n<p><span style=\"font-family: arial, helvetica, sans-serif;\">C&#8217;est par <a href=\"https:\/\/cloud.uvolante.org\/index.php\/s\/W2o1VxpaFWOmE0z\/download\" class=\"external external_icon\" rel=\"nofollow\" target=\"_blank\">ici<\/a>.<\/span><\/p>\n","protected":false},"excerpt":{"rendered":"<p>Notions abord\u00e9es Cr\u00e9ation des processus (fork(2)) et gestion (basique) des signaux (signal(2), kill(1,2)). Objectifs Comprendre la notion de d\u00e9mon et son r\u00f4le dans la s\u00e9quence de d\u00e9marrage d&#8217;un syst\u00e8me d&#8217;exploitation ; Donner les bases de la programmation \u00e9v\u00e9nementielle pilot\u00e9e par<span class=\"ellipsis\">&hellip;<\/span><\/p>\n<div class=\"read-more\"><a href=\"https:\/\/www.uvolante.org\/index.php\/cours\/systemes-dexploitation\/tp\/demons\/\">Read more <span class=\"screen-reader-text\">D\u00e9mons<\/span><span class=\"meta-nav\"> &#8250;<\/span><\/a><\/div>\n<p><!-- end of .read-more --><\/p>\n","protected":false},"author":4,"featured_media":0,"parent":69,"menu_order":1,"comment_status":"closed","ping_status":"closed","template":"","meta":{"footnotes":""},"class_list":["post-73","page","type-page","status-publish","hentry"],"_links":{"self":[{"href":"https:\/\/www.uvolante.org\/index.php\/wp-json\/wp\/v2\/pages\/73"}],"collection":[{"href":"https:\/\/www.uvolante.org\/index.php\/wp-json\/wp\/v2\/pages"}],"about":[{"href":"https:\/\/www.uvolante.org\/index.php\/wp-json\/wp\/v2\/types\/page"}],"author":[{"embeddable":true,"href":"https:\/\/www.uvolante.org\/index.php\/wp-json\/wp\/v2\/users\/4"}],"replies":[{"embeddable":true,"href":"https:\/\/www.uvolante.org\/index.php\/wp-json\/wp\/v2\/comments?post=73"}],"version-history":[{"count":6,"href":"https:\/\/www.uvolante.org\/index.php\/wp-json\/wp\/v2\/pages\/73\/revisions"}],"predecessor-version":[{"id":242,"href":"https:\/\/www.uvolante.org\/index.php\/wp-json\/wp\/v2\/pages\/73\/revisions\/242"}],"up":[{"embeddable":true,"href":"https:\/\/www.uvolante.org\/index.php\/wp-json\/wp\/v2\/pages\/69"}],"wp:attachment":[{"href":"https:\/\/www.uvolante.org\/index.php\/wp-json\/wp\/v2\/media?parent=73"}],"curies":[{"name":"wp","href":"https:\/\/api.w.org\/{rel}","templated":true}]}}