{"id":75,"date":"2017-07-28T22:36:15","date_gmt":"2017-07-28T22:36:15","guid":{"rendered":"http:\/\/www.uvolante.org\/wordpress\/?page_id=75"},"modified":"2018-02-02T08:35:52","modified_gmt":"2018-02-02T08:35:52","slug":"memoire-virtuelle","status":"publish","type":"page","link":"https:\/\/www.uvolante.org\/index.php\/cours\/systemes-dexploitation\/tp\/memoire-virtuelle\/","title":{"rendered":"M\u00e9moire virtuelle"},"content":{"rendered":"<h3><span style=\"font-family: arial, helvetica, sans-serif;\">Notions abord\u00e9es<\/span><\/h3>\n<p><span style=\"font-family: arial, helvetica, sans-serif;\">Gestionnaire de m\u00e9moire virtuelle (<code class=\"EnlighterJSRAW\" data-enlighter-language=\"shell\">mmap(2)<\/code>, <code class=\"EnlighterJSRAW\" data-enlighter-language=\"shell\">munmap(2)<\/code><\/span><span style=\"font-family: arial, helvetica, sans-serif;\">) et protection de la m\u00e9moire (<code class=\"EnlighterJSRAW\" data-enlighter-language=\"shell\">mprotect(2)<\/code><\/span><span style=\"font-family: arial, helvetica, sans-serif;\">).<br \/>\n<\/span><\/p>\n<h3><span style=\"font-family: arial, helvetica, sans-serif;\">Objectifs<\/span><\/h3>\n<ol>\n<li><span style=\"font-family: arial, helvetica, sans-serif;\">Comprendre la diff\u00e9rence entre gestionnaire de m\u00e9moire virtuelle et allocateur m\u00e9moire ;\u00a0<\/span><\/li>\n<li><span style=\"font-family: arial, helvetica, sans-serif;\">Savoir manipuler la notion de page de m\u00e9moire.\u00a0<\/span><\/li>\n<\/ol>\n<h3><span style=\"font-family: arial, helvetica, sans-serif;\">Obtenir le code<\/span><\/h3>\n<pre class=\"EnlighterJSRAW\" data-enlighter-language=\"shell\">$ git clone https:\/\/forge.uvolante.org\/OS\/TP3.git<\/pre>\n<h3><span style=\"font-family: arial, helvetica, sans-serif;\">\u00c9nonc\u00e9<\/span><\/h3>\n<p><span style=\"font-family: arial, helvetica, sans-serif;\">C&#8217;est par <a href=\"https:\/\/cloud.uvolante.org\/index.php\/s\/iGDrb8HXqYm8b3y\/download\" class=\"external external_icon\" rel=\"nofollow\" target=\"_blank\">ici<\/a>.<\/span><\/p>\n","protected":false},"excerpt":{"rendered":"<p>Notions abord\u00e9es Gestionnaire de m\u00e9moire virtuelle (mmap(2), munmap(2)) et protection de la m\u00e9moire (mprotect(2)). Objectifs Comprendre la diff\u00e9rence entre gestionnaire de m\u00e9moire virtuelle et allocateur m\u00e9moire ;\u00a0 Savoir manipuler la notion de page de m\u00e9moire.\u00a0 Obtenir le code $ git<span class=\"ellipsis\">&hellip;<\/span><\/p>\n<div class=\"read-more\"><a href=\"https:\/\/www.uvolante.org\/index.php\/cours\/systemes-dexploitation\/tp\/memoire-virtuelle\/\">Read more <span class=\"screen-reader-text\">M\u00e9moire virtuelle<\/span><span class=\"meta-nav\"> &#8250;<\/span><\/a><\/div>\n<p><!-- end of .read-more --><\/p>\n","protected":false},"author":4,"featured_media":0,"parent":69,"menu_order":2,"comment_status":"closed","ping_status":"closed","template":"","meta":{"footnotes":""},"class_list":["post-75","page","type-page","status-publish","hentry"],"_links":{"self":[{"href":"https:\/\/www.uvolante.org\/index.php\/wp-json\/wp\/v2\/pages\/75"}],"collection":[{"href":"https:\/\/www.uvolante.org\/index.php\/wp-json\/wp\/v2\/pages"}],"about":[{"href":"https:\/\/www.uvolante.org\/index.php\/wp-json\/wp\/v2\/types\/page"}],"author":[{"embeddable":true,"href":"https:\/\/www.uvolante.org\/index.php\/wp-json\/wp\/v2\/users\/4"}],"replies":[{"embeddable":true,"href":"https:\/\/www.uvolante.org\/index.php\/wp-json\/wp\/v2\/comments?post=75"}],"version-history":[{"count":4,"href":"https:\/\/www.uvolante.org\/index.php\/wp-json\/wp\/v2\/pages\/75\/revisions"}],"predecessor-version":[{"id":364,"href":"https:\/\/www.uvolante.org\/index.php\/wp-json\/wp\/v2\/pages\/75\/revisions\/364"}],"up":[{"embeddable":true,"href":"https:\/\/www.uvolante.org\/index.php\/wp-json\/wp\/v2\/pages\/69"}],"wp:attachment":[{"href":"https:\/\/www.uvolante.org\/index.php\/wp-json\/wp\/v2\/media?parent=75"}],"curies":[{"name":"wp","href":"https:\/\/api.w.org\/{rel}","templated":true}]}}