{"id":77,"date":"2017-07-28T22:39:04","date_gmt":"2017-07-28T22:39:04","guid":{"rendered":"http:\/\/www.uvolante.org\/wordpress\/?page_id=77"},"modified":"2021-03-04T10:53:32","modified_gmt":"2021-03-04T10:53:32","slug":"supports-de-cours","status":"publish","type":"page","link":"https:\/\/www.uvolante.org\/index.php\/cours\/systemes-dexploitation\/supports-de-cours\/","title":{"rendered":"Supports de cours"},"content":{"rendered":"<ol>\n<li><span style=\"font-family: arial, helvetica, sans-serif;\"><a href=\"https:\/\/cloud.uvolante.org\/index.php\/s\/k4o7Askt1bEuuWI\/download\" class=\"external external_icon\" rel=\"nofollow\" target=\"_blank\">Introduction et rappels, appels syst\u00e8mes<\/a><\/span><\/li>\n<li><span style=\"font-family: arial, helvetica, sans-serif;\"><a href=\"https:\/\/cloud.uvolante.org\/index.php\/s\/zi7Aceyl4IyLbPa\/download\" class=\"external external_icon\" rel=\"nofollow\" target=\"_blank\">Processus, t\u00e2ches, signaux, ordonnancement<\/a><\/span><\/li>\n<li><span style=\"font-family: arial, helvetica, sans-serif;\"><a href=\"https:\/\/cloud.uvolante.org\/index.php\/s\/oKf1KsnM210VRft\/download\" class=\"external external_icon\" rel=\"nofollow\" target=\"_blank\">Gestion m\u00e9moire, syst\u00e8mes de fichiers<\/a><\/span><\/li>\n<li><a href=\"https:\/\/cloud.uvolante.org\/index.php\/s\/XXNp349zVXoVlAi\/download\" class=\"external external_icon\" rel=\"nofollow\" target=\"_blank\"><span style=\"font-family: arial, helvetica, sans-serif;\">Partage de ressources, synchronisation, IPC<\/span><\/a><\/li>\n<\/ol>\n<p><span style=\"font-family: arial, helvetica, sans-serif;\">Pour l&#8217;examen, <strong>aucun document ne sera autoris\u00e9<\/strong>.<\/span><\/p>\n<p><span style=\"font-family: arial, helvetica, sans-serif;\">Voici un exemple de <a href=\"https:\/\/cloud.uvolante.org\/index.php\/s\/H3nAqFyWbZtcEZt\/download\" class=\"external external_icon\" rel=\"nofollow\" target=\"_blank\">sujet<\/a>.<br \/>\n<\/span><\/p>\n","protected":false},"excerpt":{"rendered":"<p>Introduction et rappels, appels syst\u00e8mes Processus, t\u00e2ches, signaux, ordonnancement Gestion m\u00e9moire, syst\u00e8mes de fichiers Partage de ressources, synchronisation, IPC Pour l&#8217;examen, aucun document ne sera autoris\u00e9. Voici un exemple de sujet.<\/p>\n","protected":false},"author":4,"featured_media":0,"parent":59,"menu_order":0,"comment_status":"closed","ping_status":"closed","template":"","meta":{"footnotes":""},"class_list":["post-77","page","type-page","status-publish","hentry"],"_links":{"self":[{"href":"https:\/\/www.uvolante.org\/index.php\/wp-json\/wp\/v2\/pages\/77"}],"collection":[{"href":"https:\/\/www.uvolante.org\/index.php\/wp-json\/wp\/v2\/pages"}],"about":[{"href":"https:\/\/www.uvolante.org\/index.php\/wp-json\/wp\/v2\/types\/page"}],"author":[{"embeddable":true,"href":"https:\/\/www.uvolante.org\/index.php\/wp-json\/wp\/v2\/users\/4"}],"replies":[{"embeddable":true,"href":"https:\/\/www.uvolante.org\/index.php\/wp-json\/wp\/v2\/comments?post=77"}],"version-history":[{"count":8,"href":"https:\/\/www.uvolante.org\/index.php\/wp-json\/wp\/v2\/pages\/77\/revisions"}],"predecessor-version":[{"id":466,"href":"https:\/\/www.uvolante.org\/index.php\/wp-json\/wp\/v2\/pages\/77\/revisions\/466"}],"up":[{"embeddable":true,"href":"https:\/\/www.uvolante.org\/index.php\/wp-json\/wp\/v2\/pages\/59"}],"wp:attachment":[{"href":"https:\/\/www.uvolante.org\/index.php\/wp-json\/wp\/v2\/media?parent=77"}],"curies":[{"name":"wp","href":"https:\/\/api.w.org\/{rel}","templated":true}]}}